{"id":55,"date":"2019-02-12T20:28:29","date_gmt":"2019-02-12T19:28:29","guid":{"rendered":"http:\/\/goshiatsudo.com\/?page_id=55"},"modified":"2023-06-07T16:21:18","modified_gmt":"2023-06-07T14:21:18","slug":"temoignages","status":"publish","type":"page","link":"https:\/\/goshiatsudo.com\/index.php\/temoignages\/","title":{"rendered":"T\u00c9MOIGNAGES"},"content":{"rendered":"\n<figure class=\"wp-block-image\"><img loading=\"lazy\" decoding=\"async\" width=\"548\" height=\"319\" src=\"https:\/\/goshiatsudo.com\/wp-content\/uploads\/2019\/03\/HLH4234_2A.jpg\" alt=\"\" class=\"wp-image-109\" srcset=\"https:\/\/goshiatsudo.com\/wp-content\/uploads\/2019\/03\/HLH4234_2A.jpg 548w, https:\/\/goshiatsudo.com\/wp-content\/uploads\/2019\/03\/HLH4234_2A-300x175.jpg 300w\" sizes=\"auto, (max-width: 548px) 100vw, 548px\" \/><\/figure>\n\n\n\n<p><em><em>\u00ab&nbsp;<\/em>Vous m&rsquo;avez remis du soleil dans le corps ! Merci \u00e0 vous.\u00a0\u00bb<\/em> Viviane T.<\/p>\n\n\n\n<p>\u00ab\u00a0<em> Ces s\u00e9ances devraient \u00eatre rembours\u00e9es par la s\u00e9cu ! <\/em>\u00a0\u00bb Bernadette G.<\/p>\n\n\n\n<p><em><em><em><em>\u00ab\u00a0<\/em><\/em>Un grand merci pour vos indications et vos conseils. Je vais me procurer l&rsquo;huile essentielle dont vous m&rsquo;avez parl\u00e9 ! Et encore merci, mille fois, pour cette s\u00e9ance qui m&rsquo;a r\u00e9\u00e9nergis\u00e9e.<em> \u00bb<\/em><\/em> <\/em>\u00c9lisa L.<\/p>\n\n\n\n<p><em>\u00a0\u00bb Les s\u00e9ances de Shiatsu de M. Dominique ont \u00e9t\u00e9 int\u00e9gr\u00e9es dans le cadre du projet personnalis\u00e9 de ma m\u00e8re, atteinte de scl\u00e9rose en plaque. Cela, avec l&rsquo;accompagnement de M. C., psychomotricien, qui a un suivi tr\u00e8s professionnel de ma m\u00e8re depuis son arriv\u00e9e dans son Ehpad. L&rsquo;ensemble des professionnels pr\u00e9sents ont pu constater les bienfaits de ces s\u00e9ances\u00a0 sur ma m\u00e8re\u2026\u00a0\u00bb<\/em> St\u00e9phanie M.<\/p>\n\n\n\n<p><em><em>\u00ab\u00a0<\/em> Je profite de l\u2019occasion pour vous renouveler ma gratitude pour la s\u00e9ance d\u2019hier qui fut : personnalis\u00e9e et donc tr\u00e8s agr\u00e9able. \u00ab\u00a0Appuy\u00e9e \u00bb mais n\u00e9anmoins d\u00e9licate : \u00a0ce qui me convient tout \u00e0 fait. Efficace. R\u00e9paratrice. Et \u00e9videmment bienveillante.<em> \u00bb<\/em><\/em> Josiane C.<\/p>\n\n\n\n<p><em><em><em>\u00ab&nbsp;<\/em><\/em>Dans un contexte \u00e9motionnel difficile, je me suis sentie prise en main en toute bienveillance. Herv\u00e9 a altern\u00e9 les mouvements en douceur et en force. Au bon moment, au bon endroit. En totale coh\u00e9rence avec mes besoins et mes envies. Un grand plaisir de sentir la chaleur revenir tant physiquement qu\u2019\u00e9motionnellement. Vraiment ces s\u00e9ances m\u2019ont beaucoup aid\u00e9e \u00e0 l\u00e2cher prise. Et \u00e0 prendre suffisamment de recul pour prendre les d\u00e9cisions ad\u00e9quates. J\u2019ai gard\u00e9 l\u2019empreinte de ses mains et la m\u00e9moire de ces moments d&rsquo;attention\/ intention juste. De bienveillance extr\u00eame. Merci infiniment.\u00a0\u00bb <\/em>Anne F.<\/p>\n\n\n\n<p><em><em><em><em>\u00ab&nbsp;<\/em><\/em>J\u2019ai rencontr\u00e9 un bon professionnel car<\/em><\/em> <em><em>ce jour-l\u00e0<\/em><\/em> <em>j&rsquo;avais des douleurs cervicales et la s\u00e9ance m&rsquo;a vraiment fait du bien. De plus Herv\u00e9 n&rsquo;h\u00e9site pas \u00e0 donner de bons conseils de posture. Vraiment, il est \u00e0 <em>recommander<\/em>. Merci aussi \u00e0 Keep Cool qui nous donne l&rsquo;occasion de faire ces d\u00e9couvertes.\u00a0\u00bb<\/em> Fatima B.<\/p>\n\n\n\n<p><em><em><em>\u00ab&nbsp;<\/em><\/em>J&rsquo;h\u00e9site \u00e0 laisser un message vantant toutes les qualit\u00e9s et comp\u00e9tences d&rsquo;Herv\u00e9 car ensuite son agenda sera plein \ud83d\ude42 Mais bon, il faut savoir partager ! Herv\u00e9 est g\u00e9n\u00e9reux, comp\u00e9tent et professionnel. C&rsquo;est d&rsquo;une main ferme et \u00e9nergique qu&rsquo;il invite le corps \u00e0 c\u00e9der et \u00e0 s&rsquo;aider, \u00e0 l\u00e2cher, \u00e0 s&rsquo;harmoniser et \u00e0 accueillir la pression\u2026 Qu&rsquo;elle soit donn\u00e9e par la vie ou par ses <em>mains<\/em>. J&rsquo;en ressors ressourc\u00e9e et apais\u00e9e car ses massages sont adapt\u00e9s, complets et ressour\u00e7ants. Je les recommande chaleureusement et sans h\u00e9sitation.\u00a0\u00bb <\/em>Christelle J.<\/p>\n","protected":false},"excerpt":{"rendered":"<p>\u00ab&nbsp;Vous m&rsquo;avez remis du soleil dans le corps ! Merci \u00e0 vous.\u00a0\u00bb Viviane T. \u00ab\u00a0 Ces s\u00e9ances devraient \u00eatre rembours\u00e9es par la s\u00e9cu ! \u00a0\u00bb Bernadette G. \u00ab\u00a0Un grand merci pour vos indications et vos conseils. Je vais me procurer l&rsquo;huile essentielle dont vous m&rsquo;avez parl\u00e9 ! Et encore merci, mille fois, pour cette s\u00e9ance [&hellip;]<\/p>\n","protected":false},"author":1,"featured_media":0,"parent":0,"menu_order":0,"comment_status":"closed","ping_status":"closed","template":"","meta":{"footnotes":""},"class_list":["post-55","page","type-page","status-publish","hentry"],"_links":{"self":[{"href":"https:\/\/goshiatsudo.com\/index.php\/wp-json\/wp\/v2\/pages\/55","targetHints":{"allow":["GET"]}}],"collection":[{"href":"https:\/\/goshiatsudo.com\/index.php\/wp-json\/wp\/v2\/pages"}],"about":[{"href":"https:\/\/goshiatsudo.com\/index.php\/wp-json\/wp\/v2\/types\/page"}],"author":[{"embeddable":true,"href":"https:\/\/goshiatsudo.com\/index.php\/wp-json\/wp\/v2\/users\/1"}],"replies":[{"embeddable":true,"href":"https:\/\/goshiatsudo.com\/index.php\/wp-json\/wp\/v2\/comments?post=55"}],"version-history":[{"count":38,"href":"https:\/\/goshiatsudo.com\/index.php\/wp-json\/wp\/v2\/pages\/55\/revisions"}],"predecessor-version":[{"id":846,"href":"https:\/\/goshiatsudo.com\/index.php\/wp-json\/wp\/v2\/pages\/55\/revisions\/846"}],"wp:attachment":[{"href":"https:\/\/goshiatsudo.com\/index.php\/wp-json\/wp\/v2\/media?parent=55"}],"curies":[{"name":"wp","href":"https:\/\/api.w.org\/{rel}","templated":true}]}}