{"id":451,"date":"2020-05-21T14:54:45","date_gmt":"2020-05-21T12:54:45","guid":{"rendered":"http:\/\/goshiatsudo.com\/?page_id=451"},"modified":"2021-01-25T15:55:01","modified_gmt":"2021-01-25T14:55:01","slug":"yes-we-care","status":"publish","type":"page","link":"https:\/\/goshiatsudo.com\/index.php\/yes-we-care\/","title":{"rendered":"Yes, we care."},"content":{"rendered":"\n<p><\/p>\n\n\n\n<div class=\"wp-block-media-text alignwide is-stacked-on-mobile\" style=\"grid-template-columns:58% auto\"><figure class=\"wp-block-media-text__media\"><img loading=\"lazy\" decoding=\"async\" width=\"482\" height=\"396\" src=\"https:\/\/goshiatsudo.com\/wp-content\/uploads\/2020\/05\/Juvisy_1.jpg\" alt=\"\" class=\"wp-image-459 size-full\" srcset=\"https:\/\/goshiatsudo.com\/wp-content\/uploads\/2020\/05\/Juvisy_1.jpg 482w, https:\/\/goshiatsudo.com\/wp-content\/uploads\/2020\/05\/Juvisy_1-300x246.jpg 300w\" sizes=\"auto, (max-width: 482px) 100vw, 482px\" \/><\/figure><div class=\"wp-block-media-text__content\">\n<p><em>Lors du premier confinement, il m&rsquo;a \u00e9t\u00e9 possible de donner une quarantaine de s\u00e9ances au personnel m\u00e9dical et param\u00e9dical de l&rsquo;h\u00f4pital de Juvisy (91). Des s\u00e9ances courtes (initialement 30 mn allong\u00e9es ensuite \u00e0 40-45 mn), sans prise de pouls. L&rsquo;intention se voulait avant tout bienveillante, voire \u00ab\u00a0maternante\u00a0\u00bb : proche en cela du Shiatsu familial enseign\u00e9 en premi\u00e8re ann\u00e9e de ma formation. Tr\u00e8s cibl\u00e9e, la th\u00e9rapeutique venait ensuite, si le besoin s&rsquo;en faisait sentir.<\/em><\/p>\n\n\n\n<p><em>Ce fut pour moi une tr\u00e8s belle exp\u00e9rience.<\/em><\/p>\n\n\n\n<p><em>Merci \u00e0 toutes et \u00e0 tous de votre confiance<\/em>.<\/p>\n\n\n\n<p>H. Dominique<\/p>\n<\/div><\/div>\n\n\n\n<p>\u00ab\u00a0L\u2019\u00e9preuve de la crise sanitaire du COVID 19 a \u00e9t\u00e9 l\u2019occasion pour le grand public de s\u2019apercevoir \u00e0 quel point le soignant donne de lui-m\u00eame physiquement et psychiquement. Il est difficile d\u2019envisager ce m\u00e9tier sans cet engagement. L\u2019intervention d\u2019Herv\u00e9 a \u00e9t\u00e9 l\u2019occasion pour les soignants de se rendre compte de l\u2019impact de leur travail sur leur sant\u00e9 et leur bien-\u00eatre. Car sans cette pause, quand le soignant se permet-il de prendre soin de lui&nbsp;? Comment consid\u00e8re-t-on la qualit\u00e9 de vie au travail&nbsp;? Est-ce une affaire strictement individuelle ou peut-on la fa\u00e7onner en \u00e9quipe au travail&nbsp;? Ce qu\u2019il en ressort apr\u00e8s mon aventure \u00ab&nbsp;Shiatsu&nbsp;\u00bb c\u2019est qu\u2019il est primordial ce temps donn\u00e9 pour soi afin de se pr\u00e9server des tumultes du m\u00e9tier. Et gr\u00e2ce au Shiatsu, cela a pu \u00eatre le cas et d\u2019une mani\u00e8re assez salvatrice. Alors pr\u00e9servons notre m\u00e9tier soignant que l\u2019on aime tant pratiquer mais pas au prix de notre sant\u00e9.\u00a0\u00bb Val\u00e9rie (cadre de sant\u00e9)<\/p>\n\n\n\n<p>\u00ab\u00a0En cette p\u00e9riode o\u00f9 les soignants ont \u00e9t\u00e9 au front tels des guerriers de la sant\u00e9, et dans ce contexte si particulier de stress, ou le don de soi a pr\u00e9valu, il a \u00e9t\u00e9 infiniment b\u00e9n\u00e9fique que ce temps partag\u00e9 le soit pour les \u00e9quipes. Durant cette s\u00e9ance j\u2019ai pu faire l\u2019inventaire de toutes les parties de mon corps qui avaient emmagasin\u00e9 ce stress et le bien fou de cette s\u00e9ance qui a servi \u00e0 d\u00e9nouer les n\u0153uds form\u00e9s. Merci pour ce soutien et cette aide providentielle. Nous esp\u00e9rons que nous pourrons continuer dans une telle d\u00e9marche assurant ainsi le bien-\u00eatre de l\u2019ensemble des soignants.\u00a0\u00bb Silvia (cadre de sant\u00e9)<\/p>\n\n\n\n<p>\u00ab\u00a0Avant la s\u00e9ance, j&rsquo;ai pu communiquer avec mes coll\u00e8gues sur leur propre ressenti de s\u00e9ance, offrant un sujet de communication diff\u00e9rent de celui du Covid omnipr\u00e9sent dans les discussions et anxiog\u00e8ne. La s\u00e9ance m\u2019a permis de faire une parenth\u00e8se dans ma pratique professionnelle et de mettre mes fonctions en pause. La s\u00e9ance de shiatsu, faisant m\u00e9diation \u00e0 la lib\u00e9ration de la parole, m\u2019a \u00e9galement permis de verbaliser mon ressenti de la crise aupr\u00e8s d\u2019une personne tierce (non coll\u00e8gue et non familiale) ce que je n\u2019arrive pas \u00e0 entamer aupr\u00e8s d\u2019une personne d\u00e9di\u00e9e \u00e0 l\u2019approche psychologique. Apr\u00e8s la s\u00e9ance, j\u2019ai imm\u00e9diatement pu ressentir un rel\u00e2chement des tensions musculaires. Mieux encore, dans la nuit cela a m\u00eame r\u00e9ussi \u00e0 favoriser mon endormissement, difficile en cette p\u00e9riode de stress. (\u2026) Tr\u00e8s satisfaite des prestations de shiatsu je ne peux donc que f\u00e9liciter la d\u00e9cision de cette activit\u00e9 et recommander son maintien p\u00e9renne au sein de notre h\u00f4pital, permettant d\u2019apporter une r\u00e9elle plus-value en termes de qualit\u00e9 de vie au travail et m\u00eame de pr\u00e9vention des troubles musculo-squelettiques.\u00a0\u00bb St\u00e9phanie&nbsp;(ergoth\u00e9rapeute)<\/p>\n\n\n\n<p>\u00ab\u00a0Un vrai moment d&rsquo;\u00e9change et de d\u00e9tente qui gagnerait \u00e0 s&rsquo;inscrire dans une prise en charge plus r\u00e9guli\u00e8re. Permet de d\u00e9nouer certaines tensions en utilisant des points sp\u00e9cifiques. J&rsquo;ai appris sur mon corps et moi m\u00eame. Merci\u00a0\u00bb Thibaut&nbsp;(neuropsychologue)<\/p>\n\n\n\n<p>\u00ab\u00a0Tr\u00e8s belle d\u00e9couverte, moment de d\u00e9tente pour soi, rare chez le soignant. Frustrant dans le sens o\u00f9 il n&rsquo;y a eu qu&rsquo;une s\u00e9ance\u2026 C&rsquo;est une exp\u00e9rience que je souhaiterais poursuivre avec cet intervenant qui \u00e9tait \u00e0 mon \u00e9coute. Merci\u00a0\u00bb Brigitte&nbsp;(cadre de sant\u00e9)<\/p>\n\n\n\n<p>\u00ab\u00a0Agr\u00e9able d\u00e9couverte d&rsquo;une technique et pratique qui envisage le bien-\u00eatre humain dans sa globalit\u00e9. J&rsquo;en ai ressenti les bienfaits rapidement, alors un grand merci.\u00a0\u00bb Hanan&nbsp;(chef de service)<\/p>\n\n\n\n<p>\u00ab\u00a0Merci pour votre patience et votre professionnalisme, tr\u00e8s bonne exp\u00e9rience.\u00a0\u00bb Aude&nbsp;(enseignante en activit\u00e9 physique adapt\u00e9e)<\/p>\n\n\n\n<p>\u00ab\u00a0Une exp\u00e9rience tr\u00e8s int\u00e9ressante, un moment agr\u00e9able qui m&rsquo;a fait d\u00e9couvrir cet art. A refaire avec plaisir ! Merci\u00a0\u00bb Zo\u00e9&nbsp;(infirmi\u00e8re)<\/p>\n\n\n\n<p>\u00ab\u00a0Super s\u00e9ance de d\u00e9tente et agr\u00e9able mais n\u00e9cessite plusieurs s\u00e9ances pour un meilleur r\u00e9sultat ! A refaire.\u00a0\u00bb Marilyne&nbsp;(aide-soignante)<\/p>\n\n\n\n<p>\u00ab\u00a0Merci pour ce moment de d\u00e9tente et remise en forme. A refaire.\u00a0\u00bb Carole (secr\u00e9taire m\u00e9dicale)<\/p>\n\n\n\n<p>\u00ab\u00a0Super exp\u00e9rience, \u00e0 refaire.\u00a0\u00bb Laurence&nbsp;(secr\u00e9taire m\u00e9dicale)<\/p>\n","protected":false},"excerpt":{"rendered":"<p>Lors du premier confinement, il m&rsquo;a \u00e9t\u00e9 possible de donner une quarantaine de s\u00e9ances au personnel m\u00e9dical et param\u00e9dical de l&rsquo;h\u00f4pital de Juvisy (91). Des s\u00e9ances courtes (initialement 30 mn allong\u00e9es ensuite \u00e0 40-45 mn), sans prise de pouls. L&rsquo;intention se voulait avant tout bienveillante, voire \u00ab\u00a0maternante\u00a0\u00bb : proche en cela du Shiatsu familial enseign\u00e9 [&hellip;]<\/p>\n","protected":false},"author":1,"featured_media":0,"parent":0,"menu_order":0,"comment_status":"closed","ping_status":"closed","template":"","meta":{"footnotes":""},"class_list":["post-451","page","type-page","status-publish","hentry"],"_links":{"self":[{"href":"https:\/\/goshiatsudo.com\/index.php\/wp-json\/wp\/v2\/pages\/451","targetHints":{"allow":["GET"]}}],"collection":[{"href":"https:\/\/goshiatsudo.com\/index.php\/wp-json\/wp\/v2\/pages"}],"about":[{"href":"https:\/\/goshiatsudo.com\/index.php\/wp-json\/wp\/v2\/types\/page"}],"author":[{"embeddable":true,"href":"https:\/\/goshiatsudo.com\/index.php\/wp-json\/wp\/v2\/users\/1"}],"replies":[{"embeddable":true,"href":"https:\/\/goshiatsudo.com\/index.php\/wp-json\/wp\/v2\/comments?post=451"}],"version-history":[{"count":32,"href":"https:\/\/goshiatsudo.com\/index.php\/wp-json\/wp\/v2\/pages\/451\/revisions"}],"predecessor-version":[{"id":706,"href":"https:\/\/goshiatsudo.com\/index.php\/wp-json\/wp\/v2\/pages\/451\/revisions\/706"}],"wp:attachment":[{"href":"https:\/\/goshiatsudo.com\/index.php\/wp-json\/wp\/v2\/media?parent=451"}],"curies":[{"name":"wp","href":"https:\/\/api.w.org\/{rel}","templated":true}]}}