{"id":38,"date":"2019-02-12T20:13:46","date_gmt":"2019-02-12T19:13:46","guid":{"rendered":"http:\/\/goshiatsudo.com\/?page_id=38"},"modified":"2024-03-27T18:44:59","modified_gmt":"2024-03-27T17:44:59","slug":"mon-parcours","status":"publish","type":"page","link":"https:\/\/goshiatsudo.com\/index.php\/mon-parcours\/","title":{"rendered":"MON PARCOURS"},"content":{"rendered":"\n<p><br><\/p>\n\n\n\n<div class=\"wp-block-group alignwide\"><div class=\"wp-block-group__inner-container is-layout-flow wp-block-group-is-layout-flow\">\n<div class=\"wp-block-columns is-layout-flex wp-container-core-columns-is-layout-9d6595d7 wp-block-columns-is-layout-flex\">\n<div class=\"wp-block-column is-layout-flow wp-block-column-is-layout-flow\" style=\"flex-basis:100%\">\n<div class=\"wp-block-group alignwide\"><div class=\"wp-block-group__inner-container is-layout-flow wp-block-group-is-layout-flow\">\n<figure class=\"wp-block-image is-resized is-style-default\"><img loading=\"lazy\" decoding=\"async\" width=\"510\" height=\"434\" src=\"https:\/\/goshiatsudo.com\/wp-content\/uploads\/2019\/04\/Horizon-2x3_5.jpg\" alt=\"\" class=\"wp-image-221\" style=\"width:653px;height:556px\" srcset=\"https:\/\/goshiatsudo.com\/wp-content\/uploads\/2019\/04\/Horizon-2x3_5.jpg 510w, https:\/\/goshiatsudo.com\/wp-content\/uploads\/2019\/04\/Horizon-2x3_5-300x255.jpg 300w\" sizes=\"auto, (max-width: 510px) 100vw, 510px\" \/><\/figure>\n<\/div><\/div>\n<\/div>\n<\/div>\n<\/div><\/div>\n\n\n\n<p><strong>Exp\u00e9rience<\/strong><\/p>\n\n\n\n<ul class=\"wp-block-list\">\n<li>Foyer APAJH (pour adultes handicap\u00e9s mentaux &#8211; Antony 92)<\/li>\n\n\n\n<li>GHNE (h\u00f4pital de Juvisy s\/ Orge 91)<\/li>\n\n\n\n<li>AP H\u00f4pitaux de Paris (Necker, Cochin, Broca, La Coll\u00e9giale)<\/li>\n\n\n\n<li>MACSF (si\u00e8ge La D\u00e9fense 92)<\/li>\n\n\n\n<li>La Poste (si\u00e8ge Paris 15\u00e8)<\/li>\n\n\n\n<li>R\u00e9sidence La Harpe \u00e0 \u00c9vreux (ehpad)<\/li>\n\n\n\n<li>D\u00e9clic (centre d&rsquo;accueil pour jeunes sous mandat judiciaire ou administratif Paris 9\u00e8)<\/li>\n<\/ul>\n","protected":false},"excerpt":{"rendered":"<p>Exp\u00e9rience<\/p>\n","protected":false},"author":1,"featured_media":0,"parent":0,"menu_order":0,"comment_status":"closed","ping_status":"closed","template":"page-templates\/front-page.php","meta":{"footnotes":""},"class_list":["post-38","page","type-page","status-publish","hentry"],"_links":{"self":[{"href":"https:\/\/goshiatsudo.com\/index.php\/wp-json\/wp\/v2\/pages\/38","targetHints":{"allow":["GET"]}}],"collection":[{"href":"https:\/\/goshiatsudo.com\/index.php\/wp-json\/wp\/v2\/pages"}],"about":[{"href":"https:\/\/goshiatsudo.com\/index.php\/wp-json\/wp\/v2\/types\/page"}],"author":[{"embeddable":true,"href":"https:\/\/goshiatsudo.com\/index.php\/wp-json\/wp\/v2\/users\/1"}],"replies":[{"embeddable":true,"href":"https:\/\/goshiatsudo.com\/index.php\/wp-json\/wp\/v2\/comments?post=38"}],"version-history":[{"count":32,"href":"https:\/\/goshiatsudo.com\/index.php\/wp-json\/wp\/v2\/pages\/38\/revisions"}],"predecessor-version":[{"id":906,"href":"https:\/\/goshiatsudo.com\/index.php\/wp-json\/wp\/v2\/pages\/38\/revisions\/906"}],"wp:attachment":[{"href":"https:\/\/goshiatsudo.com\/index.php\/wp-json\/wp\/v2\/media?parent=38"}],"curies":[{"name":"wp","href":"https:\/\/api.w.org\/{rel}","templated":true}]}}