{"id":30,"date":"2019-02-12T20:07:10","date_gmt":"2019-02-12T19:07:10","guid":{"rendered":"http:\/\/goshiatsudo.com\/?page_id=30"},"modified":"2024-03-27T17:06:06","modified_gmt":"2024-03-27T16:06:06","slug":"dou-vient-le-shiatsu","status":"publish","type":"page","link":"https:\/\/goshiatsudo.com\/index.php\/dou-vient-le-shiatsu\/","title":{"rendered":"D&rsquo;O\u00d9 VIENT LE SHIATSU ?"},"content":{"rendered":"\n<figure class=\"wp-block-image\"><img loading=\"lazy\" decoding=\"async\" width=\"504\" height=\"355\" src=\"https:\/\/goshiatsudo.com\/wp-content\/uploads\/2019\/03\/HLH4225_2.jpg\" alt=\"\" class=\"wp-image-105\" srcset=\"https:\/\/goshiatsudo.com\/wp-content\/uploads\/2019\/03\/HLH4225_2.jpg 504w, https:\/\/goshiatsudo.com\/wp-content\/uploads\/2019\/03\/HLH4225_2-300x211.jpg 300w\" sizes=\"auto, (max-width: 504px) 100vw, 504px\" \/><\/figure>\n\n\n\n<p><strong>Le <\/strong><em><strong>Shiatsu <\/strong><\/em><strong>&#8211;<\/strong> \u00ab\u00a0pression des doigts\u00a0\u00bb en japonais &#8211; est n\u00e9 au Japon dans la premi\u00e8re moiti\u00e9 du XX\u00e8 si\u00e8cle. Il fait la synth\u00e8se entre des techniques de massage introduites au Japon au d\u00e9but de notre \u00e8re (probablement  en provenance  de l&rsquo;Inde) et les grands principes qui caract\u00e9risent la m\u00e9decine traditionnelle chinoise : le Chi &#8211; aussi \u00e9crit Qi &#8211; d\u00e9signe le souffle, l&rsquo;\u00e9nergie vitale, le Yin-Yang ainsi que des \u00e9l\u00e9ments philosophiques et \u00e9sot\u00e9riques. Le Shiatsu int\u00e8gre \u00e9galement la prise des pouls sp\u00e9cifiques \u00e0 cette m\u00e9decine, ainsi que la connaissance des m\u00e9ridiens et points permettant d&rsquo;agir sur telle ou telle partie du corps.<\/p>\n\n\n\n<p>Dans les ann\u00e9es 1950, le Shiatsu est officiellement reconnu au Japon en tant que pratique th\u00e9rapeutique. Ses ma\u00eetres d&rsquo;alors se nomment Toru Namikoshi et Shizuto Masunaga. D&rsquo;autres suivront comme Wataru Ohashi et Yuichi Kawada qui l&rsquo;introduiront en Europe.<\/p>\n\n\n\n<p><\/p>\n","protected":false},"excerpt":{"rendered":"<p>Le Shiatsu &#8211; \u00ab\u00a0pression des doigts\u00a0\u00bb en japonais &#8211; est n\u00e9 au Japon dans la premi\u00e8re moiti\u00e9 du XX\u00e8 si\u00e8cle. Il fait la synth\u00e8se entre des techniques de massage introduites au Japon au d\u00e9but de notre \u00e8re (probablement en provenance de l&rsquo;Inde) et les grands principes qui caract\u00e9risent la m\u00e9decine traditionnelle chinoise : le Chi [&hellip;]<\/p>\n","protected":false},"author":1,"featured_media":0,"parent":0,"menu_order":0,"comment_status":"closed","ping_status":"closed","template":"","meta":{"footnotes":""},"class_list":["post-30","page","type-page","status-publish","hentry"],"_links":{"self":[{"href":"https:\/\/goshiatsudo.com\/index.php\/wp-json\/wp\/v2\/pages\/30","targetHints":{"allow":["GET"]}}],"collection":[{"href":"https:\/\/goshiatsudo.com\/index.php\/wp-json\/wp\/v2\/pages"}],"about":[{"href":"https:\/\/goshiatsudo.com\/index.php\/wp-json\/wp\/v2\/types\/page"}],"author":[{"embeddable":true,"href":"https:\/\/goshiatsudo.com\/index.php\/wp-json\/wp\/v2\/users\/1"}],"replies":[{"embeddable":true,"href":"https:\/\/goshiatsudo.com\/index.php\/wp-json\/wp\/v2\/comments?post=30"}],"version-history":[{"count":9,"href":"https:\/\/goshiatsudo.com\/index.php\/wp-json\/wp\/v2\/pages\/30\/revisions"}],"predecessor-version":[{"id":866,"href":"https:\/\/goshiatsudo.com\/index.php\/wp-json\/wp\/v2\/pages\/30\/revisions\/866"}],"wp:attachment":[{"href":"https:\/\/goshiatsudo.com\/index.php\/wp-json\/wp\/v2\/media?parent=30"}],"curies":[{"name":"wp","href":"https:\/\/api.w.org\/{rel}","templated":true}]}}