{"id":268,"date":"2019-09-04T20:21:38","date_gmt":"2019-09-04T18:21:38","guid":{"rendered":"http:\/\/goshiatsudo.com\/?page_id=268"},"modified":"2025-09-24T09:59:05","modified_gmt":"2025-09-24T07:59:05","slug":"le-shiatsu-martial","status":"publish","type":"page","link":"https:\/\/goshiatsudo.com\/index.php\/le-shiatsu-martial\/","title":{"rendered":"Le shiatsu martial"},"content":{"rendered":"\n<figure class=\"wp-block-image size-large is-resized\"><img loading=\"lazy\" decoding=\"async\" width=\"775\" height=\"1024\" src=\"https:\/\/goshiatsudo.com\/wp-content\/uploads\/2021\/01\/HLH5112_2-775x1024.jpg\" alt=\"\" class=\"wp-image-694\" style=\"width:653px;height:842px\" srcset=\"https:\/\/goshiatsudo.com\/wp-content\/uploads\/2021\/01\/HLH5112_2-775x1024.jpg 775w, https:\/\/goshiatsudo.com\/wp-content\/uploads\/2021\/01\/HLH5112_2-227x300.jpg 227w, https:\/\/goshiatsudo.com\/wp-content\/uploads\/2021\/01\/HLH5112_2-768x1015.jpg 768w, https:\/\/goshiatsudo.com\/wp-content\/uploads\/2021\/01\/HLH5112_2-624x825.jpg 624w, https:\/\/goshiatsudo.com\/wp-content\/uploads\/2021\/01\/HLH5112_2.jpg 804w\" sizes=\"auto, (max-width: 775px) 100vw, 775px\" \/><\/figure>\n\n\n\n<p>Cette forme de shiatsu a principalement pour but de d\u00e9lasser le corps et l&rsquo;esprit en \u00e9liminant au passage toutes les tensions musculaires.<\/p>\n\n\n\n<p>De ce fait, elle s&rsquo;attache moins \u00e0 restaurer l&rsquo;\u00e9tat \u00e9nerg\u00e9tique du patient \u00a0&#8211; consid\u00e9r\u00e9 comme satisfaisant &#8211; qu&rsquo;\u00e0 d\u00e9nouer ses tensions accumul\u00e9es par la pratique sportive et \u00e0 l&rsquo;origine, celle des arts martiaux.<\/p>\n\n\n\n<p>M\u00eame si les principaux m\u00e9ridiens sont toujours parcourus, la pr\u00e9cision des points perd de son importance au profit d&rsquo;un travail plus en profondeur des muscles et articulations via des flexions, torsions et \u00e9tirements vari\u00e9s.<\/p>\n","protected":false},"excerpt":{"rendered":"<p>Cette forme de shiatsu a principalement pour but de d\u00e9lasser le corps et l&rsquo;esprit en \u00e9liminant au passage toutes les tensions musculaires. De ce fait, elle s&rsquo;attache moins \u00e0 restaurer l&rsquo;\u00e9tat \u00e9nerg\u00e9tique du patient \u00a0&#8211; consid\u00e9r\u00e9 comme satisfaisant &#8211; qu&rsquo;\u00e0 d\u00e9nouer ses tensions accumul\u00e9es par la pratique sportive et \u00e0 l&rsquo;origine, celle des arts martiaux. [&hellip;]<\/p>\n","protected":false},"author":1,"featured_media":0,"parent":0,"menu_order":0,"comment_status":"closed","ping_status":"closed","template":"","meta":{"footnotes":""},"class_list":["post-268","page","type-page","status-publish","hentry"],"_links":{"self":[{"href":"https:\/\/goshiatsudo.com\/index.php\/wp-json\/wp\/v2\/pages\/268","targetHints":{"allow":["GET"]}}],"collection":[{"href":"https:\/\/goshiatsudo.com\/index.php\/wp-json\/wp\/v2\/pages"}],"about":[{"href":"https:\/\/goshiatsudo.com\/index.php\/wp-json\/wp\/v2\/types\/page"}],"author":[{"embeddable":true,"href":"https:\/\/goshiatsudo.com\/index.php\/wp-json\/wp\/v2\/users\/1"}],"replies":[{"embeddable":true,"href":"https:\/\/goshiatsudo.com\/index.php\/wp-json\/wp\/v2\/comments?post=268"}],"version-history":[{"count":7,"href":"https:\/\/goshiatsudo.com\/index.php\/wp-json\/wp\/v2\/pages\/268\/revisions"}],"predecessor-version":[{"id":925,"href":"https:\/\/goshiatsudo.com\/index.php\/wp-json\/wp\/v2\/pages\/268\/revisions\/925"}],"wp:attachment":[{"href":"https:\/\/goshiatsudo.com\/index.php\/wp-json\/wp\/v2\/media?parent=268"}],"curies":[{"name":"wp","href":"https:\/\/api.w.org\/{rel}","templated":true}]}}