{"id":26,"date":"2019-02-12T20:04:24","date_gmt":"2019-02-12T19:04:24","guid":{"rendered":"http:\/\/goshiatsudo.com\/?page_id=26"},"modified":"2025-09-24T09:56:55","modified_gmt":"2025-09-24T07:56:55","slug":"a-qui-sadresse-le-shiatsu","status":"publish","type":"page","link":"https:\/\/goshiatsudo.com\/index.php\/a-qui-sadresse-le-shiatsu\/","title":{"rendered":"A QUI S&rsquo;ADRESSE LE SHIATSU ?"},"content":{"rendered":"\n<figure class=\"wp-block-image\"><img loading=\"lazy\" decoding=\"async\" width=\"561\" height=\"464\" src=\"https:\/\/goshiatsudo.com\/wp-content\/uploads\/2019\/03\/HLH4229_2.jpg\" alt=\"\" class=\"wp-image-106\" srcset=\"https:\/\/goshiatsudo.com\/wp-content\/uploads\/2019\/03\/HLH4229_2.jpg 561w, https:\/\/goshiatsudo.com\/wp-content\/uploads\/2019\/03\/HLH4229_2-300x248.jpg 300w\" sizes=\"auto, (max-width: 561px) 100vw, 561px\" \/><\/figure>\n\n\n\n<p><strong>A toute personne, jeune ou \u00e2g\u00e9e, bien portante ou non.<\/strong><\/p>\n\n\n\n<p>Le Shiatsu ne se substitue \u00e0 aucun traitement m\u00e9dical.<\/p>\n\n\n\n<p>Cependant, le Shiatsu peut aider les personnes atteintes de pathologies lourdes (cancer, polyarthrite\u2026) \u00e0 mieux supporter les effets de leur(s) traitement(s).<\/p>\n\n\n\n<p><strong>Shiatsu et grossesse<\/strong><\/p>\n\n\n\n<p> Le Shiatsu peut tr\u00e8s bien accompagner une future maman jusqu&rsquo;au terme de sa grossesse : sa position (\u00e9tendue sur le c\u00f4t\u00e9 et non sur le ventre), ainsi que le travail des points et m\u00e9ridiens sont simplement adapt\u00e9s \u00e0 son \u00e9tat.<\/p>\n\n\n\n<p>Les s\u00e9ances se poursuivent d\u00e8s que possible apr\u00e8s la\nnaissance de l&rsquo;enfant. Elles peuvent aussi s&rsquo;adresser au papa ou au futur papa\n!<\/p>\n\n\n\n<p><strong>Les contre-indications<\/strong><\/p>\n\n\n\n<p>Op\u00e9rations chirugicales et traumatismes r\u00e9cents &#8211; luxation, entorse, fracture ou blessure grave &#8211; imposent de demander un avis m\u00e9dical avant de recevoir un Shiatsu. M\u00eame chose pour toute pathologie s\u00e9v\u00e8re &#8211; aig\u00fce (infection\u2026) ou chronique (probl\u00e8me osseux\u2026) &#8211; exigeant un suivi m\u00e9dical.<\/p>\n\n\n\n<p>R\u00e9cents ou plus anciens, ces probl\u00e8mes doivent dans tous les\ncas \u00eatre mentionn\u00e9s au praticien de Shiatsu avant la s\u00e9ance&nbsp;; tout comme\nla prise de m\u00e9dicaments.<\/p>\n\n\n\n<p>Sans faire l\u2019objet d\u2019une contre-indication formelle, une s\u00e9ance\nd\u2019osth\u00e9opathie ou tout travail th\u00e9rapeutique \u00e9nerg\u00e9tique effectu\u00e9 moins d\u2019une semaine\navant une s\u00e9ance de Shiatsu incite \u00e0 reporter celle-ci afin d\u2019en discerner plus\nnettement les effets. <\/p>\n\n\n\n<p><\/p>\n","protected":false},"excerpt":{"rendered":"<p>A toute personne, jeune ou \u00e2g\u00e9e, bien portante ou non. Le Shiatsu ne se substitue \u00e0 aucun traitement m\u00e9dical. Cependant, le Shiatsu peut aider les personnes atteintes de pathologies lourdes (cancer, polyarthrite\u2026) \u00e0 mieux supporter les effets de leur(s) traitement(s). Shiatsu et grossesse Le Shiatsu peut tr\u00e8s bien accompagner une future maman jusqu&rsquo;au terme de [&hellip;]<\/p>\n","protected":false},"author":1,"featured_media":0,"parent":0,"menu_order":0,"comment_status":"closed","ping_status":"closed","template":"","meta":{"footnotes":""},"class_list":["post-26","page","type-page","status-publish","hentry"],"_links":{"self":[{"href":"https:\/\/goshiatsudo.com\/index.php\/wp-json\/wp\/v2\/pages\/26","targetHints":{"allow":["GET"]}}],"collection":[{"href":"https:\/\/goshiatsudo.com\/index.php\/wp-json\/wp\/v2\/pages"}],"about":[{"href":"https:\/\/goshiatsudo.com\/index.php\/wp-json\/wp\/v2\/types\/page"}],"author":[{"embeddable":true,"href":"https:\/\/goshiatsudo.com\/index.php\/wp-json\/wp\/v2\/users\/1"}],"replies":[{"embeddable":true,"href":"https:\/\/goshiatsudo.com\/index.php\/wp-json\/wp\/v2\/comments?post=26"}],"version-history":[{"count":9,"href":"https:\/\/goshiatsudo.com\/index.php\/wp-json\/wp\/v2\/pages\/26\/revisions"}],"predecessor-version":[{"id":924,"href":"https:\/\/goshiatsudo.com\/index.php\/wp-json\/wp\/v2\/pages\/26\/revisions\/924"}],"wp:attachment":[{"href":"https:\/\/goshiatsudo.com\/index.php\/wp-json\/wp\/v2\/media?parent=26"}],"curies":[{"name":"wp","href":"https:\/\/api.w.org\/{rel}","templated":true}]}}