{"id":254,"date":"2019-09-04T19:54:00","date_gmt":"2019-09-04T17:54:00","guid":{"rendered":"http:\/\/goshiatsudo.com\/?page_id=254"},"modified":"2021-02-12T18:18:08","modified_gmt":"2021-02-12T17:18:08","slug":"une-medecine-de-saisons","status":"publish","type":"page","link":"https:\/\/goshiatsudo.com\/index.php\/une-medecine-de-saisons\/","title":{"rendered":"UNE MEDECINE DE SAISONS"},"content":{"rendered":"\n<figure class=\"wp-block-image size-large\"><img loading=\"lazy\" decoding=\"async\" width=\"1024\" height=\"965\" src=\"https:\/\/goshiatsudo.com\/wp-content\/uploads\/2021\/02\/4-Saisons_2-1024x965.jpg\" alt=\"\" class=\"wp-image-748\" srcset=\"https:\/\/goshiatsudo.com\/wp-content\/uploads\/2021\/02\/4-Saisons_2-1024x965.jpg 1024w, https:\/\/goshiatsudo.com\/wp-content\/uploads\/2021\/02\/4-Saisons_2-300x283.jpg 300w, https:\/\/goshiatsudo.com\/wp-content\/uploads\/2021\/02\/4-Saisons_2-768x724.jpg 768w, https:\/\/goshiatsudo.com\/wp-content\/uploads\/2021\/02\/4-Saisons_2-1536x1447.jpg 1536w, https:\/\/goshiatsudo.com\/wp-content\/uploads\/2021\/02\/4-Saisons_2-624x588.jpg 624w, https:\/\/goshiatsudo.com\/wp-content\/uploads\/2021\/02\/4-Saisons_2.jpg 1644w\" sizes=\"auto, (max-width: 1024px) 100vw, 1024px\" \/><\/figure>\n\n\n\n<p>Aux quatre saisons que nous connaissons les habitants de la Chine ancienne en ajoutaient une cinqui\u00e8me : celle des r\u00e9coltes, en fin d&rsquo;\u00e9t\u00e9. Elle r\u00e9apparaissait aussi entre les quatre autres, sous forme d&rsquo;intersaison. De m\u00eame, il existait pour eux cinq couleurs, cinq \u00e9l\u00e9ments, cinq aliments (dont cinq c\u00e9r\u00e9ales), cinq saveurs, cinq sens, cinq sentiments et cinq attributs (traits de caract\u00e8re), chacun associ\u00e9 \u00e0 une saison.<\/p>\n\n\n\n<p>Leurs m\u00e9decins distinguaient cinq territoires anatomiques, cinq organes Yin, cinq visc\u00e8res Yang, cinq fatigues et cinq entit\u00e9s visc\u00e9rales, eux aussi reli\u00e9s \u00e0 chacune des saisons. Ils discernaient enfin cinq types physiques (arch\u00e9types) auxquels correspondent cinq types de pouls, selon l&rsquo;\u00e9l\u00e9ment dominant chez eux et dans la saison (bois, feu, terre, m\u00e9tal, eau). Lesquels ont inspir\u00e9 cinq types de Shiatsu, diff\u00e9renci\u00e9s par leurs pressions et leur rythme.<\/p>\n\n\n\n<p>Ces notions sont toujours utilis\u00e9es par les praticiens (shiatsu-shis). Pour eux comme pour leurs a\u00een\u00e9s, \u00ab\u00a0l&rsquo;univers est un grand corps et le corps, un petit univers\u00a0\u00bb.<\/p>\n","protected":false},"excerpt":{"rendered":"<p>Aux quatre saisons que nous connaissons les habitants de la Chine ancienne en ajoutaient une cinqui\u00e8me : celle des r\u00e9coltes, en fin d&rsquo;\u00e9t\u00e9. Elle r\u00e9apparaissait aussi entre les quatre autres, sous forme d&rsquo;intersaison. De m\u00eame, il existait pour eux cinq couleurs, cinq \u00e9l\u00e9ments, cinq aliments (dont cinq c\u00e9r\u00e9ales), cinq saveurs, cinq sens, cinq sentiments et [&hellip;]<\/p>\n","protected":false},"author":1,"featured_media":0,"parent":0,"menu_order":0,"comment_status":"closed","ping_status":"closed","template":"","meta":{"footnotes":""},"class_list":["post-254","page","type-page","status-publish","hentry"],"_links":{"self":[{"href":"https:\/\/goshiatsudo.com\/index.php\/wp-json\/wp\/v2\/pages\/254","targetHints":{"allow":["GET"]}}],"collection":[{"href":"https:\/\/goshiatsudo.com\/index.php\/wp-json\/wp\/v2\/pages"}],"about":[{"href":"https:\/\/goshiatsudo.com\/index.php\/wp-json\/wp\/v2\/types\/page"}],"author":[{"embeddable":true,"href":"https:\/\/goshiatsudo.com\/index.php\/wp-json\/wp\/v2\/users\/1"}],"replies":[{"embeddable":true,"href":"https:\/\/goshiatsudo.com\/index.php\/wp-json\/wp\/v2\/comments?post=254"}],"version-history":[{"count":16,"href":"https:\/\/goshiatsudo.com\/index.php\/wp-json\/wp\/v2\/pages\/254\/revisions"}],"predecessor-version":[{"id":749,"href":"https:\/\/goshiatsudo.com\/index.php\/wp-json\/wp\/v2\/pages\/254\/revisions\/749"}],"wp:attachment":[{"href":"https:\/\/goshiatsudo.com\/index.php\/wp-json\/wp\/v2\/media?parent=254"}],"curies":[{"name":"wp","href":"https:\/\/api.w.org\/{rel}","templated":true}]}}