{"id":24,"date":"2019-02-12T19:59:46","date_gmt":"2019-02-12T18:59:46","guid":{"rendered":"http:\/\/goshiatsudo.com\/?page_id=24"},"modified":"2024-03-27T17:11:17","modified_gmt":"2024-03-27T16:11:17","slug":"a-quoi-sert-le-shiatsu","status":"publish","type":"page","link":"https:\/\/goshiatsudo.com\/index.php\/a-quoi-sert-le-shiatsu\/","title":{"rendered":"A QUOI SERT LE SHIATSU ?"},"content":{"rendered":"\n<figure class=\"wp-block-image size-large\"><img loading=\"lazy\" decoding=\"async\" width=\"1024\" height=\"805\" src=\"https:\/\/goshiatsudo.com\/wp-content\/uploads\/2021\/01\/HLH5104_3-1024x805.jpg\" alt=\"\" class=\"wp-image-697\" srcset=\"https:\/\/goshiatsudo.com\/wp-content\/uploads\/2021\/01\/HLH5104_3-1024x805.jpg 1024w, https:\/\/goshiatsudo.com\/wp-content\/uploads\/2021\/01\/HLH5104_3-300x236.jpg 300w, https:\/\/goshiatsudo.com\/wp-content\/uploads\/2021\/01\/HLH5104_3-768x604.jpg 768w, https:\/\/goshiatsudo.com\/wp-content\/uploads\/2021\/01\/HLH5104_3-624x491.jpg 624w, https:\/\/goshiatsudo.com\/wp-content\/uploads\/2021\/01\/HLH5104_3.jpg 1086w\" sizes=\"auto, (max-width: 1024px) 100vw, 1024px\" \/><\/figure>\n\n\n\n<p>L\u2019action du Shiatsu s\u2019\u00e9tend \u00e0 toutes les fonctions vitales\net permet de lutter contre un grand nombre de pathologies de la sph\u00e8re\nrespiratoire, digestive, gyn\u00e9cologique, articulaire\u2026 Voire d\u2019accompagner des\ntraitements lourds (chimioth\u00e9rapie, radioth\u00e9rapie\u2026) ou des pathologies invalidantes\n(polyarthrite rhumato\u00efde, fibromyalgie, endom\u00e9triose\u2026).<\/p>\n\n\n\n<p>Le Shiatsu agit aussi sur l\u2019\u00e9tat int\u00e9rieur puisqu\u2019il a pour\neffet de soulager les tensions physiques et \u00e9motionnelles qui nouent\nl\u2019individu. Parfois depuis si longtemps qu\u2019elles \u00ab&nbsp;font corps&nbsp;\u00bb avec\nlui et se manifestent de diverses fa\u00e7ons : fatigue permanente, irritabilit\u00e9,\ninsomnies, mal de dos, maux de ventre, ecz\u00e9ma, etc.<\/p>\n\n\n\n<p>Le Shiatsu ne s&rsquo;arr\u00eate pas aux sympt\u00f4mes. Il s&rsquo;attache au\ncontraire \u00e0 prendre en compte l&rsquo;individu dans sa globalit\u00e9. C&rsquo;est \u00e0 dire son\nhistoire, ses manques et ses attentes.<\/p>\n\n\n\n<p>Bas\u00e9 sur la m\u00e9decine traditionnelle chinoise, le Shiatsu repose sur une connaissance des principes physiologiques et \u00e9nerg\u00e9tiques qui gouvernent le fonctionnement du corps. En r\u00e9sum\u00e9, il s\u2019attache \u00e0 favoriser ou restaurer la circulation d\u2019\u00e9nergie vitale (Chi ou Qi) via les m\u00e9ridiens reli\u00e9s aux organes (yin) et visc\u00e8res (yang), eux m\u00eames en liaison avec tous les territoires anatomiques\u00a0: vaisseaux, syst\u00e8me nerveux, os, muscles, articulations, peau\u2026<\/p>\n\n\n\n<p>S\u2019il peut dynamiser une personne fatigu\u00e9e ou affaiblie et \u00e0\nl\u2019inverse, appaiser une personne agit\u00e9e ou perturb\u00e9e, le Shiatsu voit ses\neffets renforc\u00e9s par une certaine hygi\u00e8ne de vie (alimentation de saison,\nr\u00e9gularit\u00e9 des repas, alternance travail-repos ad\u00e9quate, exercice physique\u2026) o\u00f9\nles exc\u00e8s demeurent l\u2019exception. Il se con\u00e7oit \u00e9galement de fa\u00e7on pr\u00e9ventive,\npour accompagner les changements de saison ou surmonter certaines \u00e9preuves :\nop\u00e9ration chirurgicale, examen de passage, r\u00e9orientation professionnelle, s\u00e9paration,\ndeuil\u2026<\/p>\n\n\n\n<p><\/p>\n","protected":false},"excerpt":{"rendered":"<p>L\u2019action du Shiatsu s\u2019\u00e9tend \u00e0 toutes les fonctions vitales et permet de lutter contre un grand nombre de pathologies de la sph\u00e8re respiratoire, digestive, gyn\u00e9cologique, articulaire\u2026 Voire d\u2019accompagner des traitements lourds (chimioth\u00e9rapie, radioth\u00e9rapie\u2026) ou des pathologies invalidantes (polyarthrite rhumato\u00efde, fibromyalgie, endom\u00e9triose\u2026). Le Shiatsu agit aussi sur l\u2019\u00e9tat int\u00e9rieur puisqu\u2019il a pour effet de soulager les [&hellip;]<\/p>\n","protected":false},"author":1,"featured_media":0,"parent":0,"menu_order":0,"comment_status":"closed","ping_status":"closed","template":"","meta":{"footnotes":""},"class_list":["post-24","page","type-page","status-publish","hentry"],"_links":{"self":[{"href":"https:\/\/goshiatsudo.com\/index.php\/wp-json\/wp\/v2\/pages\/24","targetHints":{"allow":["GET"]}}],"collection":[{"href":"https:\/\/goshiatsudo.com\/index.php\/wp-json\/wp\/v2\/pages"}],"about":[{"href":"https:\/\/goshiatsudo.com\/index.php\/wp-json\/wp\/v2\/types\/page"}],"author":[{"embeddable":true,"href":"https:\/\/goshiatsudo.com\/index.php\/wp-json\/wp\/v2\/users\/1"}],"replies":[{"embeddable":true,"href":"https:\/\/goshiatsudo.com\/index.php\/wp-json\/wp\/v2\/comments?post=24"}],"version-history":[{"count":10,"href":"https:\/\/goshiatsudo.com\/index.php\/wp-json\/wp\/v2\/pages\/24\/revisions"}],"predecessor-version":[{"id":874,"href":"https:\/\/goshiatsudo.com\/index.php\/wp-json\/wp\/v2\/pages\/24\/revisions\/874"}],"wp:attachment":[{"href":"https:\/\/goshiatsudo.com\/index.php\/wp-json\/wp\/v2\/media?parent=24"}],"curies":[{"name":"wp","href":"https:\/\/api.w.org\/{rel}","templated":true}]}}