{"id":19,"date":"2019-02-12T19:38:01","date_gmt":"2019-02-12T18:38:01","guid":{"rendered":"http:\/\/goshiatsudo.com\/?page_id=19"},"modified":"2026-01-27T18:19:31","modified_gmt":"2026-01-27T17:19:31","slug":"contact","status":"publish","type":"page","link":"https:\/\/goshiatsudo.com\/index.php\/contact\/","title":{"rendered":"CONTACT &#8211; TARIFS"},"content":{"rendered":"\n<p class=\"has-medium-font-size\"><a href=\"tel:07%2082%2019%2075%2045\">Rendez-vous : 07 82 19 75 45<\/a><\/p>\n\n\n\n<p class=\"has-text-color has-medium-font-size\" style=\"color:#f63105\"><\/p>\n\n\n\n<figure class=\"wp-block-image\"><img loading=\"lazy\" decoding=\"async\" width=\"772\" height=\"513\" src=\"https:\/\/goshiatsudo.com\/wp-content\/uploads\/2019\/03\/HLH4223_1.jpg\" alt=\"\" class=\"wp-image-104\" srcset=\"https:\/\/goshiatsudo.com\/wp-content\/uploads\/2019\/03\/HLH4223_1.jpg 772w, https:\/\/goshiatsudo.com\/wp-content\/uploads\/2019\/03\/HLH4223_1-300x199.jpg 300w, https:\/\/goshiatsudo.com\/wp-content\/uploads\/2019\/03\/HLH4223_1-768x510.jpg 768w, https:\/\/goshiatsudo.com\/wp-content\/uploads\/2019\/03\/HLH4223_1-624x415.jpg 624w\" sizes=\"auto, (max-width: 772px) 100vw, 772px\" \/><\/figure>\n\n\n\n<p class=\"has-medium-font-size\"><strong>Lieux o\u00f9 j&rsquo;exerce :<\/strong><\/p>\n\n\n\n<ul class=\"wp-block-list\">\n<li>\u00e0 Ch\u00e2tenay-Malabry (92)<\/li>\n\n\n\n<li>\u00e0 votre domicile (forfait selon la distance : v. plus bas)<\/li>\n\n\n\n<li>Foyer de vie Michelle Darty (pour adultes handicap\u00e9s mentaux &#8211; Malakoff 92)<\/li>\n\n\n\n<li>Foyer de vie Jeany (pour adultes handicap\u00e9s mentaux &#8211; Montrouge 92)<\/li>\n\n\n\n<li>Foyer de l&rsquo;Avenir (pour adultes handicap\u00e9s mentaux &#8211; Fontenay aux Roses 92)<\/li>\n\n\n\n<li>QSL (quartier de semi-libert\u00e9 pour d\u00e9tenus en fin de peine &#8211; Villejuif 94)<\/li>\n\n\n\n<li>Ch\u00e2teau de Villemoisson 91 (EHPAD)<\/li>\n\n\n\n<li>AP H\u00f4pitaux de Paris (Broca, La Coll\u00e9giale)<\/li>\n<\/ul>\n\n\n\n<p class=\"has-medium-font-size\"><strong>Disponibilit\u00e9s :<\/strong><\/p>\n\n\n\n<ul class=\"wp-block-list\">\n<li>Lundi de 15 \u00e0 19 h<\/li>\n\n\n\n<li>Mardi de 15 \u00e0 19 h<\/li>\n\n\n\n<li>Mercredi de 15 \u00e0 19 h<\/li>\n\n\n\n<li>Jeudi de 15 \u00e0 19 h<\/li>\n\n\n\n<li>Vendredi de 15 \u00e0 19 h<\/li>\n\n\n\n<li>Samedi de 10 h \u00e0 13 h<\/li>\n<\/ul>\n\n\n\n<p class=\"has-medium-font-size\"><strong>Tarifs <\/strong>(s\u00e9ance de 1 h + d\u00e9placement)<\/p>\n\n\n\n<p>Abonnement de 5 s\u00e9ances non nominatif valable 1 an (v. r\u00e9ductions ci-dessous)<\/p>\n\n\n\n<ul class=\"wp-block-list\">\n<li>Chez moi \u00e0 Ch\u00e2tenay : 60 \u20ac (Abonnement 5 s\u00e9ances : 280 \u20ac)<\/li>\n\n\n\n<li>A domicile (jusqu&rsquo;\u00e0 10 km de Ch\u00e2tenay) : 75 \u20ac (Abonnement 5 s\u00e9ances : 350 \u20ac)<\/li>\n\n\n\n<li>Au del\u00e0 de 10 km de Ch\u00e2tenay : 90 \u20ac (Abonnement 5 s\u00e9ances : 400 \u20ac)<\/li>\n\n\n\n<li>Modalit\u00e9s de r\u00e8glement et annulations : voir la page CGV et Mentions l\u00e9gales<\/li>\n<\/ul>\n\n\n\n<p class=\"has-medium-font-size\"><strong>C<strong>ollectivit\u00e9s (entreprises, fondations, associations\u2026)<\/strong> : sur devis<\/strong><\/p>\n","protected":false},"excerpt":{"rendered":"<p>Rendez-vous : 07 82 19 75 45 Lieux o\u00f9 j&rsquo;exerce : Disponibilit\u00e9s : Tarifs (s\u00e9ance de 1 h + d\u00e9placement) Abonnement de 5 s\u00e9ances non nominatif valable 1 an (v. r\u00e9ductions ci-dessous) Collectivit\u00e9s (entreprises, fondations, associations\u2026) : sur devis<\/p>\n","protected":false},"author":1,"featured_media":0,"parent":0,"menu_order":0,"comment_status":"closed","ping_status":"closed","template":"","meta":{"footnotes":""},"class_list":["post-19","page","type-page","status-publish","hentry"],"_links":{"self":[{"href":"https:\/\/goshiatsudo.com\/index.php\/wp-json\/wp\/v2\/pages\/19","targetHints":{"allow":["GET"]}}],"collection":[{"href":"https:\/\/goshiatsudo.com\/index.php\/wp-json\/wp\/v2\/pages"}],"about":[{"href":"https:\/\/goshiatsudo.com\/index.php\/wp-json\/wp\/v2\/types\/page"}],"author":[{"embeddable":true,"href":"https:\/\/goshiatsudo.com\/index.php\/wp-json\/wp\/v2\/users\/1"}],"replies":[{"embeddable":true,"href":"https:\/\/goshiatsudo.com\/index.php\/wp-json\/wp\/v2\/comments?post=19"}],"version-history":[{"count":166,"href":"https:\/\/goshiatsudo.com\/index.php\/wp-json\/wp\/v2\/pages\/19\/revisions"}],"predecessor-version":[{"id":934,"href":"https:\/\/goshiatsudo.com\/index.php\/wp-json\/wp\/v2\/pages\/19\/revisions\/934"}],"wp:attachment":[{"href":"https:\/\/goshiatsudo.com\/index.php\/wp-json\/wp\/v2\/media?parent=19"}],"curies":[{"name":"wp","href":"https:\/\/api.w.org\/{rel}","templated":true}]}}