{"id":12,"date":"2019-02-12T19:25:17","date_gmt":"2019-02-12T18:25:17","guid":{"rendered":"http:\/\/goshiatsudo.com\/?page_id=12"},"modified":"2023-06-07T17:35:16","modified_gmt":"2023-06-07T15:35:16","slug":"accueil","status":"publish","type":"page","link":"https:\/\/goshiatsudo.com\/","title":{"rendered":"\ufeffLE SHIATSU : UN MASSAGE JAPONAIS"},"content":{"rendered":"\n<p class=\"has-text-align-center has-text-color has-medium-font-size\" style=\"color:#f41a02\"><\/p>\n\n\n\n<p class=\"has-text-align-center has-text-color has-medium-font-size\" style=\"color:#f41a02\"><\/p>\n\n\n\n<div class=\"wp-block-media-text alignwide is-stacked-on-mobile\"><figure class=\"wp-block-media-text__media\"><img loading=\"lazy\" decoding=\"async\" width=\"1024\" height=\"821\" src=\"https:\/\/goshiatsudo.com\/wp-content\/uploads\/2021\/01\/HLH5088_2-1024x821.jpg\" alt=\"\" class=\"wp-image-692 size-full\" srcset=\"https:\/\/goshiatsudo.com\/wp-content\/uploads\/2021\/01\/HLH5088_2-1024x821.jpg 1024w, https:\/\/goshiatsudo.com\/wp-content\/uploads\/2021\/01\/HLH5088_2-300x240.jpg 300w, https:\/\/goshiatsudo.com\/wp-content\/uploads\/2021\/01\/HLH5088_2-768x615.jpg 768w, https:\/\/goshiatsudo.com\/wp-content\/uploads\/2021\/01\/HLH5088_2-624x500.jpg 624w, https:\/\/goshiatsudo.com\/wp-content\/uploads\/2021\/01\/HLH5088_2.jpg 1067w\" sizes=\"auto, (max-width: 1024px) 100vw, 1024px\" \/><\/figure><div class=\"wp-block-media-text__content\">\n<p>Par la pression des doigts et les principes de la m\u00e9decine traditionnelle chinoise, le shiatsu g\u00e9n\u00e8re des effets b\u00e9n\u00e9fiques sur les plans corporel et \u00e9motionnel.<\/p>\n\n\n\n<p>Cette pratique utilise les canaux \u00e9nerg\u00e9tiques que sont les m\u00e9ridiens et points qui servent aussi en acuponcture, pour renforcer la vitalit\u00e9 de l&rsquo;individu. Elle contribue ainsi \u00e0 d\u00e9nouer les tensions physiques et psychiques. Et ses effets sont \u00e0 la fois pr\u00e9ventifs et curatifs face \u00e0 diverses pathologies.<\/p>\n<\/div><\/div>\n\n\n\n<p><\/p>\n","protected":false},"excerpt":{"rendered":"<p>Par la pression des doigts et les principes de la m\u00e9decine traditionnelle chinoise, le shiatsu g\u00e9n\u00e8re des effets b\u00e9n\u00e9fiques sur les plans corporel et \u00e9motionnel. Cette pratique utilise les canaux \u00e9nerg\u00e9tiques que sont les m\u00e9ridiens et points qui servent aussi en acuponcture, pour renforcer la vitalit\u00e9 de l&rsquo;individu. Elle contribue ainsi \u00e0 d\u00e9nouer les tensions [&hellip;]<\/p>\n","protected":false},"author":1,"featured_media":0,"parent":0,"menu_order":0,"comment_status":"closed","ping_status":"closed","template":"","meta":{"footnotes":""},"class_list":["post-12","page","type-page","status-publish","hentry"],"_links":{"self":[{"href":"https:\/\/goshiatsudo.com\/index.php\/wp-json\/wp\/v2\/pages\/12","targetHints":{"allow":["GET"]}}],"collection":[{"href":"https:\/\/goshiatsudo.com\/index.php\/wp-json\/wp\/v2\/pages"}],"about":[{"href":"https:\/\/goshiatsudo.com\/index.php\/wp-json\/wp\/v2\/types\/page"}],"author":[{"embeddable":true,"href":"https:\/\/goshiatsudo.com\/index.php\/wp-json\/wp\/v2\/users\/1"}],"replies":[{"embeddable":true,"href":"https:\/\/goshiatsudo.com\/index.php\/wp-json\/wp\/v2\/comments?post=12"}],"version-history":[{"count":54,"href":"https:\/\/goshiatsudo.com\/index.php\/wp-json\/wp\/v2\/pages\/12\/revisions"}],"predecessor-version":[{"id":848,"href":"https:\/\/goshiatsudo.com\/index.php\/wp-json\/wp\/v2\/pages\/12\/revisions\/848"}],"wp:attachment":[{"href":"https:\/\/goshiatsudo.com\/index.php\/wp-json\/wp\/v2\/media?parent=12"}],"curies":[{"name":"wp","href":"https:\/\/api.w.org\/{rel}","templated":true}]}}